{"id":1980,"date":"2026-01-27T14:50:55","date_gmt":"2026-01-27T14:50:55","guid":{"rendered":"https:\/\/serrechevalierskischool.com\/?page_id=1980"},"modified":"2026-01-27T14:55:48","modified_gmt":"2026-01-27T14:55:48","slug":"sejour-de-decouverte-du-splitboard-dans-la-vallee-de-la-guisane-serre-chevalier","status":"publish","type":"page","link":"https:\/\/serrechevalierskischool.com\/en\/sejour-de-decouverte-du-splitboard-dans-la-vallee-de-la-guisane-serre-chevalier","title":{"rendered":"S\u00e9jour de d\u00e9couverte du Splitboard dans la vall\u00e9e de la Guisane, Serre Chevalier."},"content":{"rendered":"<div data-elementor-type=\"wp-page\" data-elementor-id=\"1980\" class=\"elementor elementor-1980\">\n\t\t\t\t<div class=\"elementor-element elementor-element-de80192 e-flex e-con-boxed e-con e-parent\" data-id=\"de80192\" data-element_type=\"container\">\n\t\t\t\t\t<div class=\"e-con-inner\">\n\t\t\t\t<div class=\"elementor-element elementor-element-3efed58 hfe-nav-menu__align-left hfe-submenu-icon-arrow hfe-submenu-animation-none hfe-link-redirect-child hfe-nav-menu__breakpoint-tablet elementor-widget elementor-widget-navigation-menu\" data-id=\"3efed58\" data-element_type=\"widget\" data-settings=\"{&quot;padding_horizontal_menu_item&quot;:{&quot;unit&quot;:&quot;px&quot;,&quot;size&quot;:15,&quot;sizes&quot;:[]},&quot;padding_horizontal_menu_item_tablet&quot;:{&quot;unit&quot;:&quot;px&quot;,&quot;size&quot;:&quot;&quot;,&quot;sizes&quot;:[]},&quot;padding_horizontal_menu_item_mobile&quot;:{&quot;unit&quot;:&quot;px&quot;,&quot;size&quot;:&quot;&quot;,&quot;sizes&quot;:[]},&quot;padding_vertical_menu_item&quot;:{&quot;unit&quot;:&quot;px&quot;,&quot;size&quot;:15,&quot;sizes&quot;:[]},&quot;padding_vertical_menu_item_tablet&quot;:{&quot;unit&quot;:&quot;px&quot;,&quot;size&quot;:&quot;&quot;,&quot;sizes&quot;:[]},&quot;padding_vertical_menu_item_mobile&quot;:{&quot;unit&quot;:&quot;px&quot;,&quot;size&quot;:&quot;&quot;,&quot;sizes&quot;:[]},&quot;menu_space_between&quot;:{&quot;unit&quot;:&quot;px&quot;,&quot;size&quot;:&quot;&quot;,&quot;sizes&quot;:[]},&quot;menu_space_between_tablet&quot;:{&quot;unit&quot;:&quot;px&quot;,&quot;size&quot;:&quot;&quot;,&quot;sizes&quot;:[]},&quot;menu_space_between_mobile&quot;:{&quot;unit&quot;:&quot;px&quot;,&quot;size&quot;:&quot;&quot;,&quot;sizes&quot;:[]},&quot;menu_row_space&quot;:{&quot;unit&quot;:&quot;px&quot;,&quot;size&quot;:&quot;&quot;,&quot;sizes&quot;:[]},&quot;menu_row_space_tablet&quot;:{&quot;unit&quot;:&quot;px&quot;,&quot;size&quot;:&quot;&quot;,&quot;sizes&quot;:[]},&quot;menu_row_space_mobile&quot;:{&quot;unit&quot;:&quot;px&quot;,&quot;size&quot;:&quot;&quot;,&quot;sizes&quot;:[]},&quot;dropdown_border_radius&quot;:{&quot;unit&quot;:&quot;px&quot;,&quot;top&quot;:&quot;&quot;,&quot;right&quot;:&quot;&quot;,&quot;bottom&quot;:&quot;&quot;,&quot;left&quot;:&quot;&quot;,&quot;isLinked&quot;:true},&quot;dropdown_border_radius_tablet&quot;:{&quot;unit&quot;:&quot;px&quot;,&quot;top&quot;:&quot;&quot;,&quot;right&quot;:&quot;&quot;,&quot;bottom&quot;:&quot;&quot;,&quot;left&quot;:&quot;&quot;,&quot;isLinked&quot;:true},&quot;dropdown_border_radius_mobile&quot;:{&quot;unit&quot;:&quot;px&quot;,&quot;top&quot;:&quot;&quot;,&quot;right&quot;:&quot;&quot;,&quot;bottom&quot;:&quot;&quot;,&quot;left&quot;:&quot;&quot;,&quot;isLinked&quot;:true},&quot;width_dropdown_item&quot;:{&quot;unit&quot;:&quot;px&quot;,&quot;size&quot;:&quot;220&quot;,&quot;sizes&quot;:[]},&quot;width_dropdown_item_tablet&quot;:{&quot;unit&quot;:&quot;px&quot;,&quot;size&quot;:&quot;&quot;,&quot;sizes&quot;:[]},&quot;width_dropdown_item_mobile&quot;:{&quot;unit&quot;:&quot;px&quot;,&quot;size&quot;:&quot;&quot;,&quot;sizes&quot;:[]},&quot;padding_horizontal_dropdown_item&quot;:{&quot;unit&quot;:&quot;px&quot;,&quot;size&quot;:&quot;&quot;,&quot;sizes&quot;:[]},&quot;padding_horizontal_dropdown_item_tablet&quot;:{&quot;unit&quot;:&quot;px&quot;,&quot;size&quot;:&quot;&quot;,&quot;sizes&quot;:[]},&quot;padding_horizontal_dropdown_item_mobile&quot;:{&quot;unit&quot;:&quot;px&quot;,&quot;size&quot;:&quot;&quot;,&quot;sizes&quot;:[]},&quot;padding_vertical_dropdown_item&quot;:{&quot;unit&quot;:&quot;px&quot;,&quot;size&quot;:15,&quot;sizes&quot;:[]},&quot;padding_vertical_dropdown_item_tablet&quot;:{&quot;unit&quot;:&quot;px&quot;,&quot;size&quot;:&quot;&quot;,&quot;sizes&quot;:[]},&quot;padding_vertical_dropdown_item_mobile&quot;:{&quot;unit&quot;:&quot;px&quot;,&quot;size&quot;:&quot;&quot;,&quot;sizes&quot;:[]},&quot;distance_from_menu&quot;:{&quot;unit&quot;:&quot;px&quot;,&quot;size&quot;:&quot;&quot;,&quot;sizes&quot;:[]},&quot;distance_from_menu_tablet&quot;:{&quot;unit&quot;:&quot;px&quot;,&quot;size&quot;:&quot;&quot;,&quot;sizes&quot;:[]},&quot;distance_from_menu_mobile&quot;:{&quot;unit&quot;:&quot;px&quot;,&quot;size&quot;:&quot;&quot;,&quot;sizes&quot;:[]},&quot;toggle_size&quot;:{&quot;unit&quot;:&quot;px&quot;,&quot;size&quot;:&quot;&quot;,&quot;sizes&quot;:[]},&quot;toggle_size_tablet&quot;:{&quot;unit&quot;:&quot;px&quot;,&quot;size&quot;:&quot;&quot;,&quot;sizes&quot;:[]},&quot;toggle_size_mobile&quot;:{&quot;unit&quot;:&quot;px&quot;,&quot;size&quot;:&quot;&quot;,&quot;sizes&quot;:[]},&quot;toggle_border_width&quot;:{&quot;unit&quot;:&quot;px&quot;,&quot;size&quot;:&quot;&quot;,&quot;sizes&quot;:[]},&quot;toggle_border_width_tablet&quot;:{&quot;unit&quot;:&quot;px&quot;,&quot;size&quot;:&quot;&quot;,&quot;sizes&quot;:[]},&quot;toggle_border_width_mobile&quot;:{&quot;unit&quot;:&quot;px&quot;,&quot;size&quot;:&quot;&quot;,&quot;sizes&quot;:[]},&quot;toggle_border_radius&quot;:{&quot;unit&quot;:&quot;px&quot;,&quot;size&quot;:&quot;&quot;,&quot;sizes&quot;:[]},&quot;toggle_border_radius_tablet&quot;:{&quot;unit&quot;:&quot;px&quot;,&quot;size&quot;:&quot;&quot;,&quot;sizes&quot;:[]},&quot;toggle_border_radius_mobile&quot;:{&quot;unit&quot;:&quot;px&quot;,&quot;size&quot;:&quot;&quot;,&quot;sizes&quot;:[]}}\" data-widget_type=\"navigation-menu.default\">\n\t\t\t\t<div class=\"elementor-widget-container\">\n\t\t\t\t\t\t\t\t<div class=\"hfe-nav-menu hfe-layout-horizontal hfe-nav-menu-layout horizontal hfe-pointer__none\" data-layout=\"horizontal\">\n\t\t\t\t<div role=\"button\" class=\"hfe-nav-menu__toggle elementor-clickable\" tabindex=\"0\" aria-label=\"Menu Toggle\">\n\t\t\t\t\t<span class=\"screen-reader-text\">Menu<\/span>\n\t\t\t\t\t<div class=\"hfe-nav-menu-icon\">\n\t\t\t\t\t\t<svg aria-hidden=\"true\"  class=\"e-font-icon-svg e-fas-align-justify\" viewbox=\"0 0 448 512\" xmlns=\"http:\/\/www.w3.org\/2000\/svg\"><path d=\"M432 416H16a16 16 0 0 0-16 16v32a16 16 0 0 0 16 16h416a16 16 0 0 0 16-16v-32a16 16 0 0 0-16-16zm0-128H16a16 16 0 0 0-16 16v32a16 16 0 0 0 16 16h416a16 16 0 0 0 16-16v-32a16 16 0 0 0-16-16zm0-128H16a16 16 0 0 0-16 16v32a16 16 0 0 0 16 16h416a16 16 0 0 0 16-16v-32a16 16 0 0 0-16-16zm0-128H16A16 16 0 0 0 0 48v32a16 16 0 0 0 16 16h416a16 16 0 0 0 16-16V48a16 16 0 0 0-16-16z\"><\/path><\/svg>\t\t\t\t\t<\/div>\n\t\t\t\t<\/div>\n\t\t\t\t<nav itemscope=\"itemscope\" itemtype=\"https:\/\/schema.org\/SiteNavigationElement\" class=\"hfe-nav-menu__layout-horizontal hfe-nav-menu__submenu-arrow\" data-toggle-icon=\"&lt;svg aria-hidden=&quot;true&quot; tabindex=&quot;0&quot; class=&quot;e-font-icon-svg e-fas-align-justify&quot; viewBox=&quot;0 0 448 512&quot; xmlns=&quot;http:\/\/www.w3.org\/2000\/svg&quot;&gt;&lt;path d=&quot;M432 416H16a16 16 0 0 0-16 16v32a16 16 0 0 0 16 16h416a16 16 0 0 0 16-16v-32a16 16 0 0 0-16-16zm0-128H16a16 16 0 0 0-16 16v32a16 16 0 0 0 16 16h416a16 16 0 0 0 16-16v-32a16 16 0 0 0-16-16zm0-128H16a16 16 0 0 0-16 16v32a16 16 0 0 0 16 16h416a16 16 0 0 0 16-16v-32a16 16 0 0 0-16-16zm0-128H16A16 16 0 0 0 0 48v32a16 16 0 0 0 16 16h416a16 16 0 0 0 16-16V48a16 16 0 0 0-16-16z&quot;&gt;&lt;\/path&gt;&lt;\/svg&gt;\" data-close-icon=\"&lt;svg aria-hidden=&quot;true&quot; tabindex=&quot;0&quot; class=&quot;e-font-icon-svg e-far-window-close&quot; viewBox=&quot;0 0 512 512&quot; xmlns=&quot;http:\/\/www.w3.org\/2000\/svg&quot;&gt;&lt;path d=&quot;M464 32H48C21.5 32 0 53.5 0 80v352c0 26.5 21.5 48 48 48h416c26.5 0 48-21.5 48-48V80c0-26.5-21.5-48-48-48zm0 394c0 3.3-2.7 6-6 6H54c-3.3 0-6-2.7-6-6V86c0-3.3 2.7-6 6-6h404c3.3 0 6 2.7 6 6v340zM356.5 194.6L295.1 256l61.4 61.4c4.6 4.6 4.6 12.1 0 16.8l-22.3 22.3c-4.6 4.6-12.1 4.6-16.8 0L256 295.1l-61.4 61.4c-4.6 4.6-12.1 4.6-16.8 0l-22.3-22.3c-4.6-4.6-4.6-12.1 0-16.8l61.4-61.4-61.4-61.4c-4.6-4.6-4.6-12.1 0-16.8l22.3-22.3c4.6-4.6 12.1-4.6 16.8 0l61.4 61.4 61.4-61.4c4.6-4.6 12.1-4.6 16.8 0l22.3 22.3c4.7 4.6 4.7 12.1 0 16.8z&quot;&gt;&lt;\/path&gt;&lt;\/svg&gt;\" data-full-width=\"yes\">\n\t\t\t\t\t<ul id=\"menu-1-3efed58\" class=\"hfe-nav-menu\"><li id=\"menu-item-1854\" itemprop=\"name\" class=\"menu-item menu-item-type-post_type menu-item-object-page menu-item-home parent hfe-creative-menu\"><a href=\"https:\/\/serrechevalierskischool.com\/en\/\" itemprop=\"url\" class = \"hfe-menu-item\">Serre chevalier ski school<\/a><\/li>\n<li id=\"menu-item-1806\" itemprop=\"name\" class=\"menu-item menu-item-type-custom menu-item-object-custom menu-item-has-children parent hfe-has-submenu hfe-creative-menu\"><div class=\"hfe-has-submenu-container\" tabindex=\"0\" role=\"button\" aria-haspopup=\"true\" aria-expanded=\"false\"><a href=\"#\" itemprop=\"url\" class = \"hfe-menu-item\">Activit\u00e9s<span class='hfe-menu-toggle sub-arrow hfe-menu-child-0'><i class='fa'><\/i><\/span><\/a><\/div>\n<ul class=\"sub-menu\">\n\t<li id=\"menu-item-1894\" itemprop=\"name\" class=\"menu-item menu-item-type-custom menu-item-object-custom hfe-creative-menu\"><a href=\"#Ski\" itemprop=\"url\" class = \"hfe-sub-menu-item\">Ski<\/a><\/li>\n\t<li id=\"menu-item-1895\" itemprop=\"name\" class=\"menu-item menu-item-type-custom menu-item-object-custom hfe-creative-menu\"><a href=\"#Snowboard\" itemprop=\"url\" class = \"hfe-sub-menu-item\">Snowboard<\/a><\/li>\n\t<li id=\"menu-item-1896\" itemprop=\"name\" class=\"menu-item menu-item-type-custom menu-item-object-custom hfe-creative-menu\"><a href=\"#Skirando\" itemprop=\"url\" class = \"hfe-sub-menu-item\">Ski de randonn\u00e9e<\/a><\/li>\n\t<li id=\"menu-item-1897\" itemprop=\"name\" class=\"menu-item menu-item-type-custom menu-item-object-custom hfe-creative-menu\"><a href=\"#Splitboard\" itemprop=\"url\" class = \"hfe-sub-menu-item\">Splitboard<\/a><\/li>\n<\/ul>\n<\/li>\n<li id=\"menu-item-1898\" itemprop=\"name\" class=\"menu-item menu-item-type-custom menu-item-object-custom parent hfe-creative-menu\"><a href=\"#calendrier\" itemprop=\"url\" class = \"hfe-menu-item\">Disponibilit\u00e9s<\/a><\/li>\n<li id=\"menu-item-1941\" itemprop=\"name\" class=\"menu-item menu-item-type-custom menu-item-object-custom parent hfe-creative-menu\"><a href=\"#tarifs\" itemprop=\"url\" class = \"hfe-menu-item\">Tarifs<\/a><\/li>\n<li id=\"menu-item-1945\" itemprop=\"name\" class=\"menu-item menu-item-type-custom menu-item-object-custom parent hfe-creative-menu\"><a href=\"#moniteur\" itemprop=\"url\" class = \"hfe-menu-item\">Moniteur<\/a><\/li>\n<li id=\"menu-item-1961\" itemprop=\"name\" class=\"menu-item menu-item-type-custom menu-item-object-custom parent hfe-creative-menu\"><a href=\"#contact\" itemprop=\"url\" class = \"hfe-menu-item\">Contact<\/a><\/li>\n<\/ul> \n\t\t\t\t<\/nav>\n\t\t\t<\/div>\n\t\t\t\t\t\t\t<\/div>\n\t\t\t\t<\/div>\n\t\t\t\t\t<\/div>\n\t\t\t\t<\/div>\n\t\t<div class=\"elementor-element elementor-element-309d8ee e-flex e-con-boxed e-con e-parent\" data-id=\"309d8ee\" data-element_type=\"container\">\n\t\t\t\t\t<div class=\"e-con-inner\">\n\t\t\t\t<div class=\"elementor-element elementor-element-08d8475 elementor-arrows-position-inside elementor-pagination-position-outside elementor-widget elementor-widget-image-carousel\" data-id=\"08d8475\" data-element_type=\"widget\" data-settings=\"{&quot;navigation&quot;:&quot;both&quot;,&quot;autoplay&quot;:&quot;yes&quot;,&quot;pause_on_hover&quot;:&quot;yes&quot;,&quot;pause_on_interaction&quot;:&quot;yes&quot;,&quot;autoplay_speed&quot;:5000,&quot;infinite&quot;:&quot;yes&quot;,&quot;speed&quot;:500}\" data-widget_type=\"image-carousel.default\">\n\t\t\t\t\t\t\t<div class=\"elementor-image-carousel-wrapper swiper\" role=\"region\" aria-roledescription=\"carousel\" aria-label=\"Carrousel d\u2019images\" dir=\"ltr\">\n\t\t\t<div class=\"elementor-image-carousel swiper-wrapper\" aria-live=\"off\">\n\t\t\t\t\t\t\t\t<div class=\"swiper-slide\" role=\"group\" aria-roledescription=\"slide\" aria-label=\"1 of 6\" data-no-translation-aria-label=\"\"><figure class=\"swiper-slide-inner\"><img decoding=\"async\" class=\"swiper-slide-image\" src=\"https:\/\/serrechevalierskischool.com\/wp-content\/uploads\/2026\/01\/WhatsApp-Image-2026-01-27-at-13.24.56-150x150.jpeg\" alt=\"Splitboard dans les Hautes Alpes\" \/><\/figure><\/div><div class=\"swiper-slide\" role=\"group\" aria-roledescription=\"slide\" aria-label=\"2 of 6\" data-no-translation-aria-label=\"\"><figure class=\"swiper-slide-inner\"><img decoding=\"async\" class=\"swiper-slide-image\" src=\"https:\/\/serrechevalierskischool.com\/wp-content\/uploads\/2026\/01\/WhatsApp-Image-2026-01-27-at-13.24.48-150x150.jpeg\" alt=\"splitboard, dans le massif des cerces\" \/><\/figure><\/div><div class=\"swiper-slide\" role=\"group\" aria-roledescription=\"slide\" aria-label=\"3 of 6\" data-no-translation-aria-label=\"\"><figure class=\"swiper-slide-inner\"><img decoding=\"async\" class=\"swiper-slide-image\" src=\"https:\/\/serrechevalierskischool.com\/wp-content\/uploads\/2021\/12\/splitboard-matos-150x150.jpg\" alt=\"splitboard matos\" \/><\/figure><\/div><div class=\"swiper-slide\" role=\"group\" aria-roledescription=\"slide\" aria-label=\"4 of 6\" data-no-translation-aria-label=\"\"><figure class=\"swiper-slide-inner\"><img decoding=\"async\" class=\"swiper-slide-image\" src=\"https:\/\/serrechevalierskischool.com\/wp-content\/uploads\/2021\/12\/Splitboard-matos-freequencer-150x150.jpg\" alt=\"Splitboard matos freequencer\" \/><\/figure><\/div><div class=\"swiper-slide\" role=\"group\" aria-roledescription=\"slide\" aria-label=\"5 of 6\" data-no-translation-aria-label=\"\"><figure class=\"swiper-slide-inner\"><img decoding=\"async\" class=\"swiper-slide-image\" src=\"https:\/\/serrechevalierskischool.com\/wp-content\/uploads\/2021\/12\/Snow-3-150x150.jpg\" alt=\"Snow 3\" \/><\/figure><\/div><div class=\"swiper-slide\" role=\"group\" aria-roledescription=\"slide\" aria-label=\"6 of 6\" data-no-translation-aria-label=\"\"><figure class=\"swiper-slide-inner\"><img decoding=\"async\" class=\"swiper-slide-image\" src=\"https:\/\/serrechevalierskischool.com\/wp-content\/uploads\/2021\/12\/ski-de-rando-3-150x150.jpg\" alt=\"d\u00e9part ski de randonn\u00e9e du pont de l&#039;alp\" \/><\/figure><\/div>\t\t\t<\/div>\n\t\t\t\t\t\t\t\t\t\t\t\t<div class=\"elementor-swiper-button elementor-swiper-button-prev\" role=\"button\" tabindex=\"0\">\n\t\t\t\t\t\t<svg aria-hidden=\"true\" class=\"e-font-icon-svg e-eicon-chevron-left\" viewbox=\"0 0 1000 1000\" xmlns=\"http:\/\/www.w3.org\/2000\/svg\"><path d=\"M646 125C629 125 613 133 604 142L308 442C296 454 292 471 292 487 292 504 296 521 308 533L604 854C617 867 629 875 646 875 663 875 679 871 692 858 704 846 713 829 713 812 713 796 708 779 692 767L438 487 692 225C700 217 708 204 708 187 708 171 704 154 692 142 675 129 663 125 646 125Z\"><\/path><\/svg>\t\t\t\t\t<\/div>\n\t\t\t\t\t<div class=\"elementor-swiper-button elementor-swiper-button-next\" role=\"button\" tabindex=\"0\">\n\t\t\t\t\t\t<svg aria-hidden=\"true\" class=\"e-font-icon-svg e-eicon-chevron-right\" viewbox=\"0 0 1000 1000\" xmlns=\"http:\/\/www.w3.org\/2000\/svg\"><path d=\"M696 533C708 521 713 504 713 487 713 471 708 454 696 446L400 146C388 133 375 125 354 125 338 125 325 129 313 142 300 154 292 171 292 187 292 204 296 221 308 233L563 492 304 771C292 783 288 800 288 817 288 833 296 850 308 863 321 871 338 875 354 875 371 875 388 867 400 854L696 533Z\"><\/path><\/svg>\t\t\t\t\t<\/div>\n\t\t\t\t\n\t\t\t\t\t\t\t\t\t<div class=\"swiper-pagination\"><\/div>\n\t\t\t\t\t\t\t\t\t<\/div>\n\t\t\t\t\t\t<\/div>\n\t\t\t\t\t<\/div>\n\t\t\t\t<\/div>\n\t\t<div class=\"elementor-element elementor-element-2449ca3 e-flex e-con-boxed e-con e-parent\" data-id=\"2449ca3\" data-element_type=\"container\">\n\t\t\t\t\t<div class=\"e-con-inner\">\n\t\t<div class=\"elementor-element elementor-element-a64e2d5 e-con-full e-flex e-con e-child\" data-id=\"a64e2d5\" data-element_type=\"container\">\n\t\t\t\t<div class=\"elementor-element elementor-element-b3492e7 elementor-widget elementor-widget-text-editor\" data-id=\"b3492e7\" data-element_type=\"widget\" data-widget_type=\"text-editor.default\">\n\t\t\t\t\t\t\t\t\t<p><span style=\"text-align: var(--text-align); font-size: 1rem; background-color: rgba(0, 70, 164, 0);\">Une aventure avec des paysages \u00e0 couper le souffle, el le ciel bleu des Hautes Alpes (on l\u2019esp\u00e8re) vous avez envie de d\u00e9couvrir le Splitboard, nous partons en immersion totale pendant 3 jours, vous d\u00e9couvrirez comment utiliser le materiel de Splitboard, ainsi que tout le materiel de s\u00e9curit\u00e9 (DVA, Pelle, Sonde).\u00a0<\/span><\/p><p>Au programme une premiere journ\u00e9e ou nous nous retrouvons \u00e0 10 heures au pont de l\u2019alp, le temps de boire un caf\u00e9 et de faire connaissance et nous enfilons nos boots pour monter au refuge, entre 2 et 3 heures de mont\u00e9es au programme. Si vous avez encore la forme c\u2019est l\u2019heure de faire la premiere glissade sur une des pentes alentours du refuge. Apres une bonne nuit et un bon repas, on remet les peaux de phoque pour monter au cr\u00eates de la ponsonni\u00e8re, le temps de prendre le pic-nic avant la descente jusqu\u2019au refuge. Dernier jour nous montons au cr\u00eates du chardonnay, pour un point de vue \u00e9poustouflant avant la grande descente jusqu\u2019au pont de l\u2019alp. Avec ces deux nuits en refuge au Clot des Vaches, refuge construit il y a tout juste 2 ans, vous serez d\u00e9connect\u00e9s pendant la dur\u00e9e du s\u00e9jour, et vous prendrez go\u00fbt \u00e0 ce genre d\u2019aventures!<\/p><p>Ce qui est inclus dans le prix:<\/p><p>-la prestation du moniteur de ski pour les 3 jours du s\u00e9jour<\/p><p>-le materiel de splitboard (sauf les boots) Splitboard, fixations, batons, couteux, peaux de phoques.<br \/>-le materiel de s\u00e9curit\u00e9 en avalanche (Dva, Pelle, Sonde)<\/p><p>Ce qui n\u2019est pas inclus dans le prix:<\/p><p>-les deux nuit\u00e9es en refuge en demi pension du guide \u00e0 partager entre les participants = 120\u20ac<\/p><p>-les deux nuit\u00e9es en refuge en demi pension \u2243 130\u20ac<\/p><p>-les repas du midi \u2243 13\u20ac \/ Pic Nic<\/p><p>-le transport<br \/>-Les boissons<\/p><p>Liste de mat\u00e9riel:<\/p><p>V\u00caTEMENTS ET TEXTILES<\/p><ul><li>Un masque de ski et une paire de lunette<\/li><li>Un bonnet et une casquette<\/li><li>Un tour de cou\u00a0<\/li><li>Un v\u00eatement manches longues sous v\u00eatement technique et\u00a0 une polaire ou soft shell<\/li><li>Une doudoune chaude<\/li><li>Un coupe-vent *type gore tex prot\u00e9geant contre la pluie, la neige et le vent<\/li><li>Une paire de gants fins en polaire (pour la mont\u00e9e)<\/li><li>Une paire de gants chauds et imperm\u00e9able (type ski de piste).<\/li><li>L\u2019id\u00e9al est un pantalon de ski en gore tex avec ouvertures lat\u00e9rales au-dessous duquel vous mettrez un collant si besoin<\/li><li>Deux paires de chaussettes de ski dont un rechange<\/li><li>Un casque l\u00e9ger * norm\u00e9 ski\/Alpinisme<\/li><li>Un sac \u00e0 dos montagne * permettant d\u2019y accrocher le splitboard si besoin, environ 35 litres (pr\u00e9voir un peu de place pour la pelle et la sonde et les couteux de splitboard)<\/li><\/ul><p>MAT\u00c9RIEL DIVERS<\/p><ul><li>Pr\u00e9voir des contenants pouvant vous assurer environ 1l d\u2019eau,<\/li><li>Petit thermos<\/li><li>Cr\u00e8me solaire indice entre 30 et 50<\/li><li>Drap de sac(sac \u00e0 viande) pour dormir en refuge et taie d\u2019oreiller<\/li><li>Petite pharmacie adapt\u00e9e \u00e0 vos besoins personnels, des pansements double peau pour d\u2019\u00e9ventuelles ampoules et des antalgiques.<\/li><li>Documents dans un petit sac \u00e9tanche\u00a0: pi\u00e8ce d\u2019identit\u00e9, les r\u00e9f\u00e9rences de votre assurance assistance,<\/li><li>Un peu d\u2019argent liquide pour vos d\u00e9penses personnelles (boissons&#8230;) de mani\u00e8re g\u00e9n\u00e9rale, les refuges n\u2019acceptent pas les r\u00e8glements par carte bancaire.<\/li><\/ul><p>Attention nous \u00e9voluons en montagne, ce qui comporte des risques, le programme pourrait changer en fonction de la m\u00e9t\u00e9o et de la nivologie (\u00e9tat de la neige et risque d\u2019avalanches).<\/p><p>Ces dates ne vous conviennent pas h\u00e9sitez pas a me contacter pour en proposer d&rsquo;autres.<\/p>\t\t\t\t\t\t\t\t<\/div>\n\t\t\t\t<\/div>\n\t\t<div class=\"elementor-element elementor-element-9c0dfe6 e-con-full e-flex e-con e-child\" data-id=\"9c0dfe6\" data-element_type=\"container\">\n\t\t<div class=\"elementor-element elementor-element-84a5257 e-con-full e-flex e-con e-child\" data-id=\"84a5257\" data-element_type=\"container\">\n\t\t\t\t<div class=\"elementor-element elementor-element-2e3ea3c elementor-widget elementor-widget-text-editor\" data-id=\"2e3ea3c\" data-element_type=\"widget\" data-widget_type=\"text-editor.default\">\n\t\t\t\t\t\t\t\t\t<p>Dates:\u00a0<\/p><p>-11 au 13 Mars<\/p><p>-25 au 27 mars<\/p><p>-8 au 10 avril<\/p><p><span style=\"text-align: var(--text-align); font-size: 1rem; background-color: rgba(0, 70, 164, 0);\">Prix<\/span><\/p><p>550\u20ac \/ Personne, minimum de 3 personnes inscrit maximum de 6.<\/p><p><span style=\"text-align: var(--text-align); font-size: 1rem; background-color: rgba(0, 70, 164, 0);\">D\u00e9nivel\u00e9\u00a0<\/span>Jour 1:<\/p><p><span style=\"text-align: var(--text-align); font-size: 1rem; background-color: rgba(0, 70, 164, 0);\">+ 650m\u00a0<\/span><\/p><p>&#8211; 150<\/p><p><span style=\"text-align: var(--text-align); font-size: 1rem; background-color: rgba(0, 70, 164, 0);\">D\u00e9nivel\u00e9\u00a0<\/span>Jour 2:<\/p><p>+ 500m <br \/>&#8211; 500<\/p><p><span style=\"text-align: var(--text-align); font-size: 1rem; background-color: rgba(0, 70, 164, 0);\">D\u00e9nivel\u00e9\u00a0<\/span>Jour 3:<\/p><p>+ 500m <br \/>&#8211; 1000m<\/p><p>\u00a0<\/p><div>\u00a0<\/div>\t\t\t\t\t\t\t\t<\/div>\n\t\t\t\t<\/div>\n\t\t<div class=\"elementor-element elementor-element-da6a6db e-con-full e-flex e-con e-child\" data-id=\"da6a6db\" data-element_type=\"container\">\n\t\t\t\t<\/div>\n\t\t\t\t<\/div>\n\t\t\t\t\t<\/div>\n\t\t\t\t<\/div>\n\t\t\t\t<\/div>","protected":false},"excerpt":{"rendered":"<p>Menu Serre chevalier ski school Activit\u00e9s Ski Snowboard Ski de randonn\u00e9e Splitboard Disponibilit\u00e9s Tarifs Moniteur Contact Une aventure avec des paysages \u00e0 couper le souffle, el le ciel bleu des Hautes Alpes (on l\u2019esp\u00e8re) vous avez envie de d\u00e9couvrir le Splitboard, nous partons en immersion totale pendant 3 jours, vous d\u00e9couvrirez comment utiliser le materiel [&hellip;]<\/p>","protected":false},"author":2,"featured_media":0,"parent":0,"menu_order":0,"comment_status":"closed","ping_status":"closed","template":"","meta":{"footnotes":""},"class_list":["post-1980","page","type-page","status-publish","hentry"],"_links":{"self":[{"href":"https:\/\/serrechevalierskischool.com\/en\/wp-json\/wp\/v2\/pages\/1980","targetHints":{"allow":["GET"]}}],"collection":[{"href":"https:\/\/serrechevalierskischool.com\/en\/wp-json\/wp\/v2\/pages"}],"about":[{"href":"https:\/\/serrechevalierskischool.com\/en\/wp-json\/wp\/v2\/types\/page"}],"author":[{"embeddable":true,"href":"https:\/\/serrechevalierskischool.com\/en\/wp-json\/wp\/v2\/users\/2"}],"replies":[{"embeddable":true,"href":"https:\/\/serrechevalierskischool.com\/en\/wp-json\/wp\/v2\/comments?post=1980"}],"version-history":[{"count":5,"href":"https:\/\/serrechevalierskischool.com\/en\/wp-json\/wp\/v2\/pages\/1980\/revisions"}],"predecessor-version":[{"id":1990,"href":"https:\/\/serrechevalierskischool.com\/en\/wp-json\/wp\/v2\/pages\/1980\/revisions\/1990"}],"wp:attachment":[{"href":"https:\/\/serrechevalierskischool.com\/en\/wp-json\/wp\/v2\/media?parent=1980"}],"curies":[{"name":"wp","href":"https:\/\/api.w.org\/{rel}","templated":true}]}}