{"id":222,"date":"2021-01-13T14:51:32","date_gmt":"2021-01-13T14:51:32","guid":{"rendered":"https:\/\/serrechevalierskischool.com\/?page_id=222"},"modified":"2025-12-19T08:22:34","modified_gmt":"2025-12-19T08:22:34","slug":"ecole-de-ski-serre-chevalier","status":"publish","type":"page","link":"https:\/\/serrechevalierskischool.com\/en\/ecole-de-ski-serre-chevalier","title":{"rendered":"\u00c9cole de ski Serre Chevalier"},"content":{"rendered":"<div data-elementor-type=\"wp-page\" data-elementor-id=\"222\" class=\"elementor elementor-222\">\n\t\t\t\t<div class=\"elementor-element elementor-element-3922079 e-flex e-con-boxed e-con e-parent\" data-id=\"3922079\" data-element_type=\"container\">\n\t\t\t\t\t<div class=\"e-con-inner\">\n\t\t\t\t<div class=\"elementor-element elementor-element-f7ef199 elementor-widget elementor-widget-hfe-site-title\" data-id=\"f7ef199\" data-element_type=\"widget\" data-widget_type=\"hfe-site-title.default\">\n\t\t\t\t<div class=\"elementor-widget-container\">\n\t\t\t\t\t\n\t\t<div class=\"hfe-module-content hfe-heading-wrapper elementor-widget-heading\">\n\t\t\t\t\t\t\t<a href=\"https:\/\/serrechevalierskischool.com\/en\">\n\t\t\t\t\t\t\t<h2 class=\"hfe-heading elementor-heading-title elementor-size-default\">\n\t\t\t\t\t\t\t\t\t<span class=\"hfe-heading-text\" >\n\t\t\t\t\t\t\t\t\t\t\u00c9cole de ski serre chevalier, cours de ski, ski de rando, splitboard, freeride\t\t\t\t\t\t\t\t\t\t<\/span>\t\t\t\n\t\t\t<\/h2>\n\t\t\t<\/a>\t\t\n\t\t<\/div>\n\t\t\t\t\t\t<\/div>\n\t\t\t\t<\/div>\n\t\t\t\t\t<\/div>\n\t\t\t\t<\/div>\n\t\t<div class=\"elementor-element elementor-element-3911a69 e-flex e-con-boxed e-con e-parent\" data-id=\"3911a69\" data-element_type=\"container\">\n\t\t\t\t\t<div class=\"e-con-inner\">\n\t\t\t\t<div class=\"elementor-element elementor-element-c7755f7 hfe-nav-menu__align-left hfe-submenu-icon-arrow hfe-submenu-animation-none hfe-link-redirect-child hfe-nav-menu__breakpoint-tablet elementor-widget elementor-widget-navigation-menu\" data-id=\"c7755f7\" data-element_type=\"widget\" data-settings=\"{&quot;padding_horizontal_menu_item&quot;:{&quot;unit&quot;:&quot;px&quot;,&quot;size&quot;:15,&quot;sizes&quot;:[]},&quot;padding_horizontal_menu_item_tablet&quot;:{&quot;unit&quot;:&quot;px&quot;,&quot;size&quot;:&quot;&quot;,&quot;sizes&quot;:[]},&quot;padding_horizontal_menu_item_mobile&quot;:{&quot;unit&quot;:&quot;px&quot;,&quot;size&quot;:&quot;&quot;,&quot;sizes&quot;:[]},&quot;padding_vertical_menu_item&quot;:{&quot;unit&quot;:&quot;px&quot;,&quot;size&quot;:15,&quot;sizes&quot;:[]},&quot;padding_vertical_menu_item_tablet&quot;:{&quot;unit&quot;:&quot;px&quot;,&quot;size&quot;:&quot;&quot;,&quot;sizes&quot;:[]},&quot;padding_vertical_menu_item_mobile&quot;:{&quot;unit&quot;:&quot;px&quot;,&quot;size&quot;:&quot;&quot;,&quot;sizes&quot;:[]},&quot;menu_space_between&quot;:{&quot;unit&quot;:&quot;px&quot;,&quot;size&quot;:&quot;&quot;,&quot;sizes&quot;:[]},&quot;menu_space_between_tablet&quot;:{&quot;unit&quot;:&quot;px&quot;,&quot;size&quot;:&quot;&quot;,&quot;sizes&quot;:[]},&quot;menu_space_between_mobile&quot;:{&quot;unit&quot;:&quot;px&quot;,&quot;size&quot;:&quot;&quot;,&quot;sizes&quot;:[]},&quot;menu_row_space&quot;:{&quot;unit&quot;:&quot;px&quot;,&quot;size&quot;:&quot;&quot;,&quot;sizes&quot;:[]},&quot;menu_row_space_tablet&quot;:{&quot;unit&quot;:&quot;px&quot;,&quot;size&quot;:&quot;&quot;,&quot;sizes&quot;:[]},&quot;menu_row_space_mobile&quot;:{&quot;unit&quot;:&quot;px&quot;,&quot;size&quot;:&quot;&quot;,&quot;sizes&quot;:[]},&quot;dropdown_border_radius&quot;:{&quot;unit&quot;:&quot;px&quot;,&quot;top&quot;:&quot;&quot;,&quot;right&quot;:&quot;&quot;,&quot;bottom&quot;:&quot;&quot;,&quot;left&quot;:&quot;&quot;,&quot;isLinked&quot;:true},&quot;dropdown_border_radius_tablet&quot;:{&quot;unit&quot;:&quot;px&quot;,&quot;top&quot;:&quot;&quot;,&quot;right&quot;:&quot;&quot;,&quot;bottom&quot;:&quot;&quot;,&quot;left&quot;:&quot;&quot;,&quot;isLinked&quot;:true},&quot;dropdown_border_radius_mobile&quot;:{&quot;unit&quot;:&quot;px&quot;,&quot;top&quot;:&quot;&quot;,&quot;right&quot;:&quot;&quot;,&quot;bottom&quot;:&quot;&quot;,&quot;left&quot;:&quot;&quot;,&quot;isLinked&quot;:true},&quot;width_dropdown_item&quot;:{&quot;unit&quot;:&quot;px&quot;,&quot;size&quot;:&quot;220&quot;,&quot;sizes&quot;:[]},&quot;width_dropdown_item_tablet&quot;:{&quot;unit&quot;:&quot;px&quot;,&quot;size&quot;:&quot;&quot;,&quot;sizes&quot;:[]},&quot;width_dropdown_item_mobile&quot;:{&quot;unit&quot;:&quot;px&quot;,&quot;size&quot;:&quot;&quot;,&quot;sizes&quot;:[]},&quot;padding_horizontal_dropdown_item&quot;:{&quot;unit&quot;:&quot;px&quot;,&quot;size&quot;:&quot;&quot;,&quot;sizes&quot;:[]},&quot;padding_horizontal_dropdown_item_tablet&quot;:{&quot;unit&quot;:&quot;px&quot;,&quot;size&quot;:&quot;&quot;,&quot;sizes&quot;:[]},&quot;padding_horizontal_dropdown_item_mobile&quot;:{&quot;unit&quot;:&quot;px&quot;,&quot;size&quot;:&quot;&quot;,&quot;sizes&quot;:[]},&quot;padding_vertical_dropdown_item&quot;:{&quot;unit&quot;:&quot;px&quot;,&quot;size&quot;:15,&quot;sizes&quot;:[]},&quot;padding_vertical_dropdown_item_tablet&quot;:{&quot;unit&quot;:&quot;px&quot;,&quot;size&quot;:&quot;&quot;,&quot;sizes&quot;:[]},&quot;padding_vertical_dropdown_item_mobile&quot;:{&quot;unit&quot;:&quot;px&quot;,&quot;size&quot;:&quot;&quot;,&quot;sizes&quot;:[]},&quot;distance_from_menu&quot;:{&quot;unit&quot;:&quot;px&quot;,&quot;size&quot;:&quot;&quot;,&quot;sizes&quot;:[]},&quot;distance_from_menu_tablet&quot;:{&quot;unit&quot;:&quot;px&quot;,&quot;size&quot;:&quot;&quot;,&quot;sizes&quot;:[]},&quot;distance_from_menu_mobile&quot;:{&quot;unit&quot;:&quot;px&quot;,&quot;size&quot;:&quot;&quot;,&quot;sizes&quot;:[]},&quot;toggle_size&quot;:{&quot;unit&quot;:&quot;px&quot;,&quot;size&quot;:&quot;&quot;,&quot;sizes&quot;:[]},&quot;toggle_size_tablet&quot;:{&quot;unit&quot;:&quot;px&quot;,&quot;size&quot;:&quot;&quot;,&quot;sizes&quot;:[]},&quot;toggle_size_mobile&quot;:{&quot;unit&quot;:&quot;px&quot;,&quot;size&quot;:&quot;&quot;,&quot;sizes&quot;:[]},&quot;toggle_border_width&quot;:{&quot;unit&quot;:&quot;px&quot;,&quot;size&quot;:&quot;&quot;,&quot;sizes&quot;:[]},&quot;toggle_border_width_tablet&quot;:{&quot;unit&quot;:&quot;px&quot;,&quot;size&quot;:&quot;&quot;,&quot;sizes&quot;:[]},&quot;toggle_border_width_mobile&quot;:{&quot;unit&quot;:&quot;px&quot;,&quot;size&quot;:&quot;&quot;,&quot;sizes&quot;:[]},&quot;toggle_border_radius&quot;:{&quot;unit&quot;:&quot;px&quot;,&quot;size&quot;:&quot;&quot;,&quot;sizes&quot;:[]},&quot;toggle_border_radius_tablet&quot;:{&quot;unit&quot;:&quot;px&quot;,&quot;size&quot;:&quot;&quot;,&quot;sizes&quot;:[]},&quot;toggle_border_radius_mobile&quot;:{&quot;unit&quot;:&quot;px&quot;,&quot;size&quot;:&quot;&quot;,&quot;sizes&quot;:[]}}\" data-widget_type=\"navigation-menu.default\">\n\t\t\t\t<div class=\"elementor-widget-container\">\n\t\t\t\t\t\t\t\t<div class=\"hfe-nav-menu hfe-layout-horizontal hfe-nav-menu-layout horizontal hfe-pointer__none\" data-layout=\"horizontal\">\n\t\t\t\t<div role=\"button\" class=\"hfe-nav-menu__toggle elementor-clickable\" tabindex=\"0\" aria-label=\"Menu Toggle\">\n\t\t\t\t\t<span class=\"screen-reader-text\">Menu<\/span>\n\t\t\t\t\t<div class=\"hfe-nav-menu-icon\">\n\t\t\t\t\t\t<svg aria-hidden=\"true\"  class=\"e-font-icon-svg e-fas-align-justify\" viewbox=\"0 0 448 512\" xmlns=\"http:\/\/www.w3.org\/2000\/svg\"><path d=\"M432 416H16a16 16 0 0 0-16 16v32a16 16 0 0 0 16 16h416a16 16 0 0 0 16-16v-32a16 16 0 0 0-16-16zm0-128H16a16 16 0 0 0-16 16v32a16 16 0 0 0 16 16h416a16 16 0 0 0 16-16v-32a16 16 0 0 0-16-16zm0-128H16a16 16 0 0 0-16 16v32a16 16 0 0 0 16 16h416a16 16 0 0 0 16-16v-32a16 16 0 0 0-16-16zm0-128H16A16 16 0 0 0 0 48v32a16 16 0 0 0 16 16h416a16 16 0 0 0 16-16V48a16 16 0 0 0-16-16z\"><\/path><\/svg>\t\t\t\t\t<\/div>\n\t\t\t\t<\/div>\n\t\t\t\t<nav class=\"hfe-nav-menu__layout-horizontal hfe-nav-menu__submenu-arrow\" data-toggle-icon=\"&lt;svg aria-hidden=&quot;true&quot; tabindex=&quot;0&quot; class=&quot;e-font-icon-svg e-fas-align-justify&quot; viewBox=&quot;0 0 448 512&quot; xmlns=&quot;http:\/\/www.w3.org\/2000\/svg&quot;&gt;&lt;path d=&quot;M432 416H16a16 16 0 0 0-16 16v32a16 16 0 0 0 16 16h416a16 16 0 0 0 16-16v-32a16 16 0 0 0-16-16zm0-128H16a16 16 0 0 0-16 16v32a16 16 0 0 0 16 16h416a16 16 0 0 0 16-16v-32a16 16 0 0 0-16-16zm0-128H16a16 16 0 0 0-16 16v32a16 16 0 0 0 16 16h416a16 16 0 0 0 16-16v-32a16 16 0 0 0-16-16zm0-128H16A16 16 0 0 0 0 48v32a16 16 0 0 0 16 16h416a16 16 0 0 0 16-16V48a16 16 0 0 0-16-16z&quot;&gt;&lt;\/path&gt;&lt;\/svg&gt;\" data-close-icon=\"&lt;svg aria-hidden=&quot;true&quot; tabindex=&quot;0&quot; class=&quot;e-font-icon-svg e-far-window-close&quot; viewBox=&quot;0 0 512 512&quot; xmlns=&quot;http:\/\/www.w3.org\/2000\/svg&quot;&gt;&lt;path d=&quot;M464 32H48C21.5 32 0 53.5 0 80v352c0 26.5 21.5 48 48 48h416c26.5 0 48-21.5 48-48V80c0-26.5-21.5-48-48-48zm0 394c0 3.3-2.7 6-6 6H54c-3.3 0-6-2.7-6-6V86c0-3.3 2.7-6 6-6h404c3.3 0 6 2.7 6 6v340zM356.5 194.6L295.1 256l61.4 61.4c4.6 4.6 4.6 12.1 0 16.8l-22.3 22.3c-4.6 4.6-12.1 4.6-16.8 0L256 295.1l-61.4 61.4c-4.6 4.6-12.1 4.6-16.8 0l-22.3-22.3c-4.6-4.6-4.6-12.1 0-16.8l61.4-61.4-61.4-61.4c-4.6-4.6-4.6-12.1 0-16.8l22.3-22.3c4.6-4.6 12.1-4.6 16.8 0l61.4 61.4 61.4-61.4c4.6-4.6 12.1-4.6 16.8 0l22.3 22.3c4.7 4.6 4.7 12.1 0 16.8z&quot;&gt;&lt;\/path&gt;&lt;\/svg&gt;\" data-full-width=\"yes\">\n\t\t\t\t\t<ul id=\"menu-1-c7755f7\" class=\"hfe-nav-menu\"><li id=\"menu-item-1854\" class=\"menu-item menu-item-type-post_type menu-item-object-page menu-item-home parent hfe-creative-menu\"><a href=\"https:\/\/serrechevalierskischool.com\/en\/\" class = \"hfe-menu-item\">Serre chevalier ski school<\/a><\/li>\n<li id=\"menu-item-1806\" class=\"menu-item menu-item-type-custom menu-item-object-custom menu-item-has-children parent hfe-has-submenu hfe-creative-menu\"><div class=\"hfe-has-submenu-container\" tabindex=\"0\" role=\"button\" aria-haspopup=\"true\" aria-expanded=\"false\"><a href=\"#\" class = \"hfe-menu-item\">Activit\u00e9s<span class='hfe-menu-toggle sub-arrow hfe-menu-child-0'><i class='fa'><\/i><\/span><\/a><\/div>\n<ul class=\"sub-menu\">\n\t<li id=\"menu-item-1894\" class=\"menu-item menu-item-type-custom menu-item-object-custom hfe-creative-menu\"><a href=\"#Ski\" class = \"hfe-sub-menu-item\">Ski<\/a><\/li>\n\t<li id=\"menu-item-1895\" class=\"menu-item menu-item-type-custom menu-item-object-custom hfe-creative-menu\"><a href=\"#Snowboard\" class = \"hfe-sub-menu-item\">Snowboard<\/a><\/li>\n\t<li id=\"menu-item-1896\" class=\"menu-item menu-item-type-custom menu-item-object-custom hfe-creative-menu\"><a href=\"#Skirando\" class = \"hfe-sub-menu-item\">Ski de randonn\u00e9e<\/a><\/li>\n\t<li id=\"menu-item-1897\" class=\"menu-item menu-item-type-custom menu-item-object-custom hfe-creative-menu\"><a href=\"#Splitboard\" class = \"hfe-sub-menu-item\">Splitboard<\/a><\/li>\n<\/ul>\n<\/li>\n<li id=\"menu-item-1898\" class=\"menu-item menu-item-type-custom menu-item-object-custom parent hfe-creative-menu\"><a href=\"#calendrier\" class = \"hfe-menu-item\">Disponibilit\u00e9s<\/a><\/li>\n<li id=\"menu-item-1941\" class=\"menu-item menu-item-type-custom menu-item-object-custom parent hfe-creative-menu\"><a href=\"#tarifs\" class = \"hfe-menu-item\">Tarifs<\/a><\/li>\n<li id=\"menu-item-1945\" class=\"menu-item menu-item-type-custom menu-item-object-custom parent hfe-creative-menu\"><a href=\"#moniteur\" class = \"hfe-menu-item\">Moniteur<\/a><\/li>\n<li id=\"menu-item-1961\" class=\"menu-item menu-item-type-custom menu-item-object-custom parent hfe-creative-menu\"><a href=\"#contact\" class = \"hfe-menu-item\">Contact<\/a><\/li>\n<\/ul> \n\t\t\t\t<\/nav>\n\t\t\t<\/div>\n\t\t\t\t\t\t\t<\/div>\n\t\t\t\t<\/div>\n\t\t\t\t\t<\/div>\n\t\t\t\t<\/div>\n\t\t<div class=\"elementor-element elementor-element-64e99011 e-flex e-con-boxed e-con e-parent\" data-id=\"64e99011\" data-element_type=\"container\">\n\t\t\t\t\t<div class=\"e-con-inner\">\n\t\t\t\t<div class=\"elementor-element elementor-element-39158b1b elementor-widget elementor-widget-text-editor\" data-id=\"39158b1b\" data-element_type=\"widget\" data-widget_type=\"text-editor.default\">\n\t\t\t\t\t\t\t\t\t<div class=\"wp-block-group alignwide\">\n<p><\/p>\n<div class=\"wp-block-media-text alignwide has-media-on-the-right is-vertically-aligned-top has-black-color has-text-color\" style=\"grid-template-columns: auto 25%;\">\n<figure class=\"wp-block-media-text__media\"><img fetchpriority=\"high\" decoding=\"async\" width=\"200\" height=\"300\" class=\"wp-image-108 size-medium\" src=\"https:\/\/serrechevalierskischool.com\/wp-content\/uploads\/2020\/09\/DSC02691-200x300.jpg\" alt=\"\u00c9cole de ski Serre chevalier Moniteur ind\u00e9pendant william bankes rattach\u00e9 \u00e0 l'ESI. Propose des cours de ski, snowboard, t\u00e9l\u00e9mark ou des sorties hors piste, ski de randonn\u00e9e, ou splitboard.\" srcset=\"https:\/\/serrechevalierskischool.com\/wp-content\/uploads\/2020\/09\/DSC02691-200x300.jpg 200w, https:\/\/serrechevalierskischool.com\/wp-content\/uploads\/2020\/09\/DSC02691-scaled-600x900.jpg 600w, https:\/\/serrechevalierskischool.com\/wp-content\/uploads\/2020\/09\/DSC02691-683x1024.jpg 683w, https:\/\/serrechevalierskischool.com\/wp-content\/uploads\/2020\/09\/DSC02691-768x1152.jpg 768w, https:\/\/serrechevalierskischool.com\/wp-content\/uploads\/2020\/09\/DSC02691-1024x1536.jpg 1024w, https:\/\/serrechevalierskischool.com\/wp-content\/uploads\/2020\/09\/DSC02691-1365x2048.jpg 1365w, https:\/\/serrechevalierskischool.com\/wp-content\/uploads\/2020\/09\/DSC02691-scaled.jpg 1707w\" sizes=\"(max-width: 200px) 100vw, 200px\" \/><\/figure>\n<div class=\"wp-block-media-text__content\">\n<p><\/p>\n<h1 class=\"wp-block-heading\"><span style=\"text-align: var(--text-align); background-color: rgba(0, 70, 164, 0);\"><b>William<span style=\"font-family: inherit;\">&nbsp;Bankes<\/span><\/b><\/span><\/h1>\n<h1><span style=\"font-family: inherit; font-size: 1.75rem; text-align: var(--text-align); background-color: rgba(0, 70, 164, 0);\">Dipl\u00f4m\u00e9 d&rsquo;\u00e9tat du D.E Ski alpin, moniteur de ski ind\u00e9pendant affili\u00e9 \u00e0 l&rsquo;ESI ( \u00c9cole de ski International ). J&rsquo;ai v\u00e9cu dans les Alpes du sud depuis plus de 25 ans. Anciennement membre de l&rsquo;\u00e9quipe de France de snowboard, o\u00f9 j&rsquo;ai couru sur le circuit coupe du monde. Cela fait maintenant 10 ans<\/span><\/h1><h1><span style=\"font-family: inherit; font-size: 1.75rem; text-align: var(--text-align); background-color: rgba(0, 70, 164, 0);\">que je suis moniteur de ski. J&rsquo;ai d\u00e9cid\u00e9 de cr\u00e9er mon \u00e9cole de ski sur<\/span><\/h1><h1><span style=\"font-family: inherit; font-size: 1.75rem; text-align: var(--text-align); background-color: rgba(0, 70, 164, 0);\">Serre Chevalier pour vous apporter mon exp\u00e9rience.<\/span><\/h1>\n<p><\/p>\n<h2 class=\"wp-block-heading\">Vous recherchez des cours priv\u00e9es de ski,&nbsp;de snowboard ?<\/h2>\n<p><\/p>\n<h3 class=\"wp-block-heading\">J&rsquo;enseigne du d\u00e9butant aux skieurs experts et pour tous les ages. Venez parfaire votre technique ou apprendre de nouvelles comp\u00e9tences! Je me charge de vous trouver le terrain adapt\u00e9 pour que vous progressez tout en vous amusant, que ce soit des belles pentes enneig\u00e9 au snowpark ou juste une belle piste verte, bleu, rouge ou noire.&nbsp;<\/h3>\n<h3><span style=\"font-family: inherit; font-size: 1.75rem; text-align: var(--text-align); background-color: rgba(0, 70, 164, 0);\">Vous voulez d\u00e9couvrir le domaines skiable de <\/span><a style=\"font-family: inherit; font-size: 1.75rem; text-align: var(--text-align); background-color: rgba(0, 70, 164, 0);\" href=\"https:\/\/www.serre-chevalier.com\" target=\"_blank\" rel=\"noreferrer noopener\">Serre Chevalier<\/a><span style=\"font-family: inherit; font-size: 1.75rem; text-align: var(--text-align); background-color: rgba(0, 70, 164, 0);\">&nbsp;avec son enneigement exeptionelle et son ciel bleu. Je vous propose des engagement journ\u00e9e ou demi journ\u00e9e &nbsp;Sur les pistes&nbsp;ou&nbsp;en hors piste en freeride ou je vous guiderai et vous ferez d\u00e9couvrir tous les meilleurs terrains, restaurants ou hors piste. Je vous apporterai aussi des conseils sur votre technique, ou sur votre materiel de s\u00e9curit\u00e9 en avalanche et comment vous en servir.<\/span><\/h3>\n<p><\/p>\n<h2 class=\"wp-block-heading\">Si vous cherchez une aventure, ou un autre terrain de jeu, loin des remont\u00e9es m\u00e9caniques des stations de ski et plus proche de la nature. Je propose des sorties journ\u00e9es ou sur plusieurs jours en ski de Randonn\u00e9e&nbsp;ou en&nbsp;splitboard. Avec m\u00eame des nuits en refuge pour les plus aventuriers!<\/h2>\n<p><\/p>\n<h2 class=\"wp-block-heading\">Je travaille dans la vall\u00e9e de Serre Chevalier ( Villeneuve, Mon\u00eatier les bains ).<\/h2>\n<p><\/p>\n<h3 class=\"wp-block-heading\">Vous recherchez une autre forme de Glisse? Le ski nordique, le snow kite au col du lautaret, une ballade en raquette dans le parc national des \u00e9crins ou de la luge au col d&rsquo;izoard. N&rsquo;h\u00e9sitez pas \u00e0 me contacter et je vous mettrai en relation avec les bonnes personnes pour que vous passez un moment agr\u00e9able dans les Hautes Alpes.<\/h3>\n<p><\/p>\n<h3 class=\"wp-block-heading\">N&rsquo;h\u00e9sitez pas \u00e0 regarder le site web de mes partenaires pour organiser vos vacances, que ce soit de la location de ski snowboards ou raquettes, de chalet, ou d&rsquo;appartement, ou pour pr\u00e9parer vos sorties sur le domaine skiable de serre chevalier avec les plans des pistes et acheter vos forfaits en ligne.<\/h3>\n<p><\/p>\n<p><\/p>\n<\/div>\n<\/div>\n<p><\/p>\n<\/div>\n<p><!-- \/wp:group --><!-- wp:heading --><\/p>\n<h2>&nbsp;<\/h2>\n<p><!-- \/wp:heading --><!-- wp:paragraph {\"align\":\"center\",\"textColor\":\"black\",\"fontSize\":\"medium\"} --><\/p>\n<p class=\"has-text-align-center has-black-color has-text-color has-medium-font-size\">\n<\/p><p><!-- \/wp:paragraph --><!-- wp:paragraph {\"align\":\"center\",\"textColor\":\"black\",\"fontSize\":\"medium\"} --><\/p>\n<p class=\"has-text-align-center has-black-color has-text-color has-medium-font-size\">\n<\/p><p><!-- \/wp:paragraph --><\/p>\t\t\t\t\t\t\t\t<\/div>\n\t\t\t\t\t<\/div>\n\t\t\t\t<\/div>\n\t\t\t\t<\/div>","protected":false},"excerpt":{"rendered":"<p>\u00c9cole de ski serre chevalier, cours de ski, ski de rando, splitboard, freeride Menu Serre chevalier ski school Activit\u00e9s Ski Snowboard Ski de randonn\u00e9e Splitboard Disponibilit\u00e9s Moniteur contact William&nbsp;Bankes Dipl\u00f4m\u00e9 d&rsquo;\u00e9tat du D.E Ski alpin, moniteur de ski ind\u00e9pendant affili\u00e9 \u00e0 l&rsquo;ESI ( \u00c9cole de ski International ). J&rsquo;ai v\u00e9cu dans les Alpes du sud [&hellip;]<\/p>","protected":false},"author":1,"featured_media":108,"parent":0,"menu_order":0,"comment_status":"closed","ping_status":"closed","template":"","meta":{"footnotes":""},"class_list":["post-222","page","type-page","status-publish","has-post-thumbnail","hentry"],"_links":{"self":[{"href":"https:\/\/serrechevalierskischool.com\/en\/wp-json\/wp\/v2\/pages\/222","targetHints":{"allow":["GET"]}}],"collection":[{"href":"https:\/\/serrechevalierskischool.com\/en\/wp-json\/wp\/v2\/pages"}],"about":[{"href":"https:\/\/serrechevalierskischool.com\/en\/wp-json\/wp\/v2\/types\/page"}],"author":[{"embeddable":true,"href":"https:\/\/serrechevalierskischool.com\/en\/wp-json\/wp\/v2\/users\/1"}],"replies":[{"embeddable":true,"href":"https:\/\/serrechevalierskischool.com\/en\/wp-json\/wp\/v2\/comments?post=222"}],"version-history":[{"count":62,"href":"https:\/\/serrechevalierskischool.com\/en\/wp-json\/wp\/v2\/pages\/222\/revisions"}],"predecessor-version":[{"id":1933,"href":"https:\/\/serrechevalierskischool.com\/en\/wp-json\/wp\/v2\/pages\/222\/revisions\/1933"}],"wp:featuredmedia":[{"embeddable":true,"href":"https:\/\/serrechevalierskischool.com\/en\/wp-json\/wp\/v2\/media\/108"}],"wp:attachment":[{"href":"https:\/\/serrechevalierskischool.com\/en\/wp-json\/wp\/v2\/media?parent=222"}],"curies":[{"name":"wp","href":"https:\/\/api.w.org\/{rel}","templated":true}]}}